{"id":341,"date":"2016-03-15T14:31:54","date_gmt":"2016-03-15T14:31:38","guid":{"rendered":"http:\/\/okthemes.com\/villenoirdemo\/?page_id=341"},"modified":"2023-08-01T12:40:53","modified_gmt":"2023-08-01T11:40:53","slug":"our-history","status":"publish","type":"page","link":"https:\/\/chateauduclau.com\/en\/our-history\/","title":{"rendered":"Our History"},"content":{"rendered":"<section class=\"wpb-content-wrapper\"><p>[vc_row full_width=&#8221;stretch_row&#8221; css=&#8221;.vc_custom_1527180241694{padding-top: 0px !important;padding-bottom: 0px !important;background-image: url(http:\/\/chateauduclau.com\/en\/wp-content\/uploads\/sites\/2\/2016\/03\/apples-399870_resized.jpg?id=1255) !important;background-position: center !important;background-repeat: no-repeat !important;background-size: cover !important;}&#8221; el_class=&#8221;gg-force-background-bottom&#8221;][vc_column width=&#8221;1\/2&#8243; css=&#8221;.vc_custom_1519060701831{margin-top: 150px !important;margin-bottom: 150px !important;background-color: #baa079 !important;}&#8221; offset=&#8221;vc_hidden-xs&#8221;][vc_column_text]<\/p>\n<h2><span style=\"color: #a50034;\">Origin<\/span><\/h2>\n<p><span style=\"color: #ffffff;\">For generations, 100 times, 1000 times, tasting, questioning, repeating until perfection, and finding the right alchemy to inscribe in our juices all the gustatory richness of an exceptional terroir.<\/span><\/p>\n<h2><span style=\"color: #a50034;\">Passion<\/span><\/h2>\n<p><span style=\"color: #ffffff;\">From seed to glass we follow each of our fruits with passion. Many trees on the estate are planted for a special occasion. They follow us in time, we watch over them and we like to think that it is reciprocal.<\/span><\/p>\n<p><span style=\"color: #ffffff;\">Over the seasons we accompany the life of our orchard, month after month, year after year to draw out the best of it: <strong>An exceptional juice.<\/strong>.<\/span><\/p>\n<h2><span style=\"color: #a50034;\">Know-How<\/span><\/h2>\n<p><span style=\"color: #ffffff;\">A picking at the first hours of the day where the fruit offers all its freshness, a pressing in the next few hours to preserve the gustatory qualities and aromatic balance of the fruits and finally a slow and soft pasteurization.<\/span>[\/vc_column_text][\/vc_column][vc_column width=&#8221;1\/2&#8243; offset=&#8221;vc_hidden-xs&#8221; css=&#8221;.vc_custom_1519060823272{margin-top: 150px !important;}&#8221;]\n\t<div class=\"title-subtitle-box \" style=\" text-align: center;\">\n\t\t<h1 style=\" color:#ffffff;  font-style: normal;\">A whole orchard in a bottle.<\/h1>\n\t<\/div> [\/vc_column][\/vc_row][vc_row full_width=&#8221;stretch_row&#8221; css=&#8221;.vc_custom_1519060835924{margin-bottom: 0px !important;padding-top: 0px !important;padding-bottom: 0px !important;background-position: center !important;background-repeat: no-repeat !important;background-size: cover !important;}&#8221; el_class=&#8221;gg-force-background-bottom&#8221;][vc_column width=&#8221;1\/2&#8243; css=&#8221;.vc_custom_1519316749162{background-position: center !important;background-repeat: no-repeat !important;background-size: cover !important;}&#8221; offset=&#8221;vc_hidden-lg vc_hidden-md vc_hidden-sm&#8221;][\/vc_column][vc_column width=&#8221;1\/2&#8243; css=&#8221;.vc_custom_1519060114511{margin-bottom: 0px !important;padding-bottom: 0px !important;background-color: #baa079 !important;}&#8221; offset=&#8221;vc_hidden-lg vc_hidden-md vc_hidden-sm&#8221;][vc_column_text]<\/p>\n<h2><span style=\"color: #a50034;\">Origin<\/span><\/h2>\n<p><span style=\"color: #ffffff;\">For generations, 100 times, 1000 times, tasting, questioning, repeating until perfection, and finding the right alchemy to inscribe in our juices all the gustatory richness of an exceptional terroir.<\/span><\/p>\n<h2><span style=\"color: #a50034;\">Passion<\/span><\/h2>\n<p><span style=\"color: #ffffff;\">From seed to glass we follow each of our fruits with passion. Many trees on the estate are planted for a special occasion. They follow us in time, we watch over them and we like to think that it is reciprocal.<\/span><\/p>\n<p><span style=\"color: #ffffff;\">Over the seasons we accompany the life of our orchard, month after month, year after year to draw out the best of it: <strong>An exceptional juice.<\/strong>.<\/span><\/p>\n<h2><span style=\"color: #a50034;\">Know-How<\/span><\/h2>\n<p><span style=\"color: #ffffff;\">A picking at the first hours of the day where the fruit offers all its freshness, a pressing in the next few hours to preserve the gustatory qualities and aromatic balance of the fruits and finally a slow and soft pasteurization.<\/span>[\/vc_column_text][\/vc_column][\/vc_row][vc_row full_width=&#8221;stretch_row&#8221; css=&#8221;.vc_custom_1491306991260{background-color: #f1f1f1 !important;}&#8221;][vc_column]\n\t<div class=\"title-subtitle-box \" style=\" text-align: left;\">\n\t\t<p  style=\"\">Ch\u00e2teau du Clau<\/p>\n\t\t<h1 style=\" font-style: normal;\">Our History<\/h1>\n\t<\/div> <section id=\"cd-timeline\" class=\"cd-container horizontal\">\n\t<div class=\"cd-timeline-block\">\n\t\t<div class=\"cd-timeline-img cd-picture kd-animated \">\n\t\t<img decoding=\"async\" src=\"https:\/\/chateauduclau.com\/en\/wp-content\/themes\/villenoir\/images\/cd-icon-location.svg\" alt=\"Location\">\n\t\t<\/div>\n\t\t<div class=\"cd-timeline-content kd-animated \">\n\t\t <img decoding=\"async\" class=\"wp-post-image \" src=\"https:\/\/chateauduclau.com\/en\/wp-content\/uploads\/sites\/2\/2018\/05\/de\u0301piquage_1941.jpeg\" alt=\"Tradition Chateau du Clau jus de fruits haut de gamme\" \/> \n\t\t<div class=\"cd-timeline-content-wrapper\">\n\t\t<p class=\"cd-title\">The Land<\/p>\n\t\t<p>In 1898, the Prieur family settled on Ch\u00e2teau du Clau\u2019s estate. A rough but generous land for whoever can cherish it.<br \/>\n<\/p>\n\t\t<h4 class=\"cd-date\">1898<\/h4>\n\t\t<\/div>\n\t\t<\/div>\n\t<\/div>\n\t<div class=\"cd-timeline-block\">\n\t\t<div class=\"cd-timeline-img cd-picture kd-animated \">\n\t\t<img decoding=\"async\" src=\"https:\/\/chateauduclau.com\/en\/wp-content\/themes\/villenoir\/images\/cd-icon-location.svg\" alt=\"Location\">\n\t\t<\/div>\n\t\t<div class=\"cd-timeline-content kd-animated \">\n\t\t <img decoding=\"async\" class=\"wp-post-image \" src=\"https:\/\/chateauduclau.com\/en\/wp-content\/uploads\/sites\/2\/2016\/03\/Le-Clau-60s.jpg\" alt=\"Jus de Fruits artisanal haut de gamme naturel Chateau du Clau charette\" \/> \n\t\t<div class=\"cd-timeline-content-wrapper\">\n\t\t<p class=\"cd-title\">First Orchards<\/p>\n\t\t<p>After several harsh winters, the orchards offer exceptional crops, an apple with unique aromatic tones resulting from a meticulous selection.<\/p>\n\t\t<h4 class=\"cd-date\">1952<\/h4>\n\t\t<\/div>\n\t\t<\/div>\n\t<\/div>\n\t<div class=\"cd-timeline-block\">\n\t\t<div class=\"cd-timeline-img cd-picture kd-animated \">\n\t\t<img decoding=\"async\" src=\"https:\/\/chateauduclau.com\/en\/wp-content\/themes\/villenoir\/images\/cd-icon-location.svg\" alt=\"Location\">\n\t\t<\/div>\n\t\t<div class=\"cd-timeline-content kd-animated \">\n\t\t <img decoding=\"async\" class=\"wp-post-image \" src=\"https:\/\/chateauduclau.com\/en\/wp-content\/uploads\/sites\/2\/2017\/04\/cueillette-70-e1499614714712.jpeg\" alt=\"cueillette Jus de Fruits artisanal haut de gamme naturel Chateau du Clau\" \/> \n\t\t<div class=\"cd-timeline-content-wrapper\">\n\t\t<p class=\"cd-title\">The Presses<\/p>\n\t\t<p>While perpetuating the best of our tradition, Chateau du Clau combines handicraft with technical advances and is firmly committed to modernity, as it steadily improves its harvesting and pressing techniques. The first presses for mild extraction are installed.<\/p>\n\t\t<h4 class=\"cd-date\">1984<\/h4>\n\t\t<\/div>\n\t\t<\/div>\n\t<\/div>\n\t<div class=\"cd-timeline-block\">\n\t\t<div class=\"cd-timeline-img cd-picture kd-animated \">\n\t\t<img decoding=\"async\" src=\"https:\/\/chateauduclau.com\/en\/wp-content\/themes\/villenoir\/images\/cd-icon-location.svg\" alt=\"Location\">\n\t\t<\/div>\n\t\t<div class=\"cd-timeline-content kd-animated \">\n\t\t <img decoding=\"async\" class=\"wp-post-image \" src=\"https:\/\/chateauduclau.com\/en\/wp-content\/uploads\/sites\/2\/2016\/08\/apple-tree-1379974.jpg\" alt=\"Jus de Fruits artisanal haut de gamme naturel Chateau du Clau abeillec\" \/> \n\t\t<div class=\"cd-timeline-content-wrapper\">\n\t\t<p class=\"cd-title\">The Future<\/p>\n\t\t<p>The eco-friendly orchards approach reflects our commitment to to environmentally and biodiversity-friendly production methods. To offer you a quality, healthy and tasty French apple, we turn to BIO.<\/p>\n\t\t<h4 class=\"cd-date\">2018<\/h4>\n\t\t<\/div>\n\t\t<\/div>\n\t<\/div><\/section>[\/vc_column][\/vc_row]<\/p>\n<\/section>","protected":false},"excerpt":{"rendered":"<p>[vc_row full_width=&#8221;stretch_row&#8221; css=&#8221;.vc_custom_1527180241694{padding-top: 0px !important;padding-bottom: 0px !important;background-image: url(http:\/\/chateauduclau.com\/en\/wp-content\/uploads\/sites\/2\/2016\/03\/apples-399870_resized.jpg?id=1255) !important;background-position: center !important;background-repeat: no-repeat !important;background-size: cover !important;}&#8221; el_class=&#8221;gg-force-background-bottom&#8221;][vc_column width=&#8221;1\/2&#8243; css=&#8221;.vc_custom_1519060701831{margin-top: 150px !important;margin-bottom: 150px !important;background-color: #baa079 !important;}&#8221; offset=&#8221;vc_hidden-xs&#8221;][vc_column_text] Origin For generations, 100 times,<br class=\"read-more-spacer\"> <a class=\"more-link\" href=\"https:\/\/chateauduclau.com\/en\/our-history\/\">Read More<\/a><\/p>\n","protected":false},"author":5,"featured_media":1201,"parent":0,"menu_order":0,"comment_status":"closed","ping_status":"closed","template":"","meta":{"footnotes":""},"class_list":["post-341","page","type-page","status-publish","has-post-thumbnail","hentry"],"acf":[],"yoast_head":"<!-- This site is optimized with the Yoast SEO plugin v26.7 - https:\/\/yoast.com\/wordpress\/plugins\/seo\/ -->\n<title>Ch\u00e2teau du Clau - Combining tradition and passion to offer fruity tasting juices<\/title>\n<meta name=\"description\" content=\"Located in the midst of south-western France, in the fruit production areas of Midi-Pyr\u00e9n\u00e9es region, Ch\u00e2teau du Clau fruit juices were created in 1898. For over 120 years, generation after generation, we have been harvesting exceptional apples to offer you a unique taste experience.\" \/>\n<meta name=\"robots\" content=\"index, follow, max-snippet:-1, max-image-preview:large, max-video-preview:-1\" \/>\n<link rel=\"canonical\" href=\"https:\/\/chateauduclau.com\/en\/our-history\/\" \/>\n<meta property=\"og:locale\" content=\"en_GB\" \/>\n<meta property=\"og:type\" content=\"article\" \/>\n<meta property=\"og:title\" content=\"Ch\u00e2teau du Clau - Combining tradition and passion to offer fruity tasting juices\" \/>\n<meta property=\"og:description\" content=\"Located in the midst of south-western France, in the fruit production areas of Midi-Pyr\u00e9n\u00e9es region, Ch\u00e2teau du Clau fruit juices were created in 1898. For over 120 years, generation after generation, we have been harvesting exceptional apples to offer you a unique taste experience.\" \/>\n<meta property=\"og:url\" content=\"https:\/\/chateauduclau.com\/en\/our-history\/\" \/>\n<meta property=\"og:site_name\" content=\"Ch\u00e2teau du Clau ~ En\" \/>\n<meta property=\"article:modified_time\" content=\"2023-08-01T11:40:53+00:00\" \/>\n<meta property=\"og:image\" content=\"https:\/\/chateauduclau.com\/en\/wp-content\/uploads\/sites\/2\/2016\/03\/our-story-header-image-pommes-1.jpg\" \/>\n\t<meta property=\"og:image:width\" content=\"1440\" \/>\n\t<meta property=\"og:image:height\" content=\"479\" \/>\n\t<meta property=\"og:image:type\" content=\"image\/jpeg\" \/>\n<meta name=\"twitter:card\" content=\"summary_large_image\" \/>\n<meta name=\"twitter:label1\" content=\"Estimated reading time\" \/>\n\t<meta name=\"twitter:data1\" content=\"3 minutes\" \/>\n<script type=\"application\/ld+json\" class=\"yoast-schema-graph\">{\"@context\":\"https:\/\/schema.org\",\"@graph\":[{\"@type\":\"WebPage\",\"@id\":\"https:\/\/chateauduclau.com\/en\/our-history\/\",\"url\":\"https:\/\/chateauduclau.com\/en\/our-history\/\",\"name\":\"Ch\u00e2teau du Clau - Combining tradition and passion to offer fruity tasting juices\",\"isPartOf\":{\"@id\":\"https:\/\/chateauduclau.com\/en\/#website\"},\"primaryImageOfPage\":{\"@id\":\"https:\/\/chateauduclau.com\/en\/our-history\/#primaryimage\"},\"image\":{\"@id\":\"https:\/\/chateauduclau.com\/en\/our-history\/#primaryimage\"},\"thumbnailUrl\":\"https:\/\/chateauduclau.com\/en\/wp-content\/uploads\/sites\/2\/2016\/03\/our-story-header-image-pommes-1.jpg\",\"datePublished\":\"2016-03-15T14:31:38+00:00\",\"dateModified\":\"2023-08-01T11:40:53+00:00\",\"description\":\"Located in the midst of south-western France, in the fruit production areas of Midi-Pyr\u00e9n\u00e9es region, Ch\u00e2teau du Clau fruit juices were created in 1898. For over 120 years, generation after generation, we have been harvesting exceptional apples to offer you a unique taste experience.\",\"breadcrumb\":{\"@id\":\"https:\/\/chateauduclau.com\/en\/our-history\/#breadcrumb\"},\"inLanguage\":\"en-GB\",\"potentialAction\":[{\"@type\":\"ReadAction\",\"target\":[\"https:\/\/chateauduclau.com\/en\/our-history\/\"]}]},{\"@type\":\"ImageObject\",\"inLanguage\":\"en-GB\",\"@id\":\"https:\/\/chateauduclau.com\/en\/our-history\/#primaryimage\",\"url\":\"https:\/\/chateauduclau.com\/en\/wp-content\/uploads\/sites\/2\/2016\/03\/our-story-header-image-pommes-1.jpg\",\"contentUrl\":\"https:\/\/chateauduclau.com\/en\/wp-content\/uploads\/sites\/2\/2016\/03\/our-story-header-image-pommes-1.jpg\",\"width\":\"1440\",\"height\":\"479\",\"caption\":\"Jus de Fruits artisanal haut de gamme naturel Chateau du Clau paniers\"},{\"@type\":\"BreadcrumbList\",\"@id\":\"https:\/\/chateauduclau.com\/en\/our-history\/#breadcrumb\",\"itemListElement\":[{\"@type\":\"ListItem\",\"position\":1,\"name\":\"Accueil\",\"item\":\"https:\/\/chateauduclau.com\/en\/\"},{\"@type\":\"ListItem\",\"position\":2,\"name\":\"Our History\"}]},{\"@type\":\"WebSite\",\"@id\":\"https:\/\/chateauduclau.com\/en\/#website\",\"url\":\"https:\/\/chateauduclau.com\/en\/\",\"name\":\"Ch\u00e2teau du Clau ~ En\",\"description\":\"Chateau Du Clau - Premium fruit juices.\",\"potentialAction\":[{\"@type\":\"SearchAction\",\"target\":{\"@type\":\"EntryPoint\",\"urlTemplate\":\"https:\/\/chateauduclau.com\/en\/?s={search_term_string}\"},\"query-input\":{\"@type\":\"PropertyValueSpecification\",\"valueRequired\":true,\"valueName\":\"search_term_string\"}}],\"inLanguage\":\"en-GB\"}]}<\/script>\n<!-- \/ Yoast SEO plugin. -->","yoast_head_json":{"title":"Ch\u00e2teau du Clau - Combining tradition and passion to offer fruity tasting juices","description":"Located in the midst of south-western France, in the fruit production areas of Midi-Pyr\u00e9n\u00e9es region, Ch\u00e2teau du Clau fruit juices were created in 1898. For over 120 years, generation after generation, we have been harvesting exceptional apples to offer you a unique taste experience.","robots":{"index":"index","follow":"follow","max-snippet":"max-snippet:-1","max-image-preview":"max-image-preview:large","max-video-preview":"max-video-preview:-1"},"canonical":"https:\/\/chateauduclau.com\/en\/our-history\/","og_locale":"en_GB","og_type":"article","og_title":"Ch\u00e2teau du Clau - Combining tradition and passion to offer fruity tasting juices","og_description":"Located in the midst of south-western France, in the fruit production areas of Midi-Pyr\u00e9n\u00e9es region, Ch\u00e2teau du Clau fruit juices were created in 1898. For over 120 years, generation after generation, we have been harvesting exceptional apples to offer you a unique taste experience.","og_url":"https:\/\/chateauduclau.com\/en\/our-history\/","og_site_name":"Ch\u00e2teau du Clau ~ En","article_modified_time":"2023-08-01T11:40:53+00:00","og_image":[{"width":1440,"height":479,"url":"https:\/\/chateauduclau.com\/en\/wp-content\/uploads\/sites\/2\/2016\/03\/our-story-header-image-pommes-1.jpg","type":"image\/jpeg"}],"twitter_card":"summary_large_image","twitter_misc":{"Estimated reading time":"3 minutes"},"schema":{"@context":"https:\/\/schema.org","@graph":[{"@type":"WebPage","@id":"https:\/\/chateauduclau.com\/en\/our-history\/","url":"https:\/\/chateauduclau.com\/en\/our-history\/","name":"Ch\u00e2teau du Clau - Combining tradition and passion to offer fruity tasting juices","isPartOf":{"@id":"https:\/\/chateauduclau.com\/en\/#website"},"primaryImageOfPage":{"@id":"https:\/\/chateauduclau.com\/en\/our-history\/#primaryimage"},"image":{"@id":"https:\/\/chateauduclau.com\/en\/our-history\/#primaryimage"},"thumbnailUrl":"https:\/\/chateauduclau.com\/en\/wp-content\/uploads\/sites\/2\/2016\/03\/our-story-header-image-pommes-1.jpg","datePublished":"2016-03-15T14:31:38+00:00","dateModified":"2023-08-01T11:40:53+00:00","description":"Located in the midst of south-western France, in the fruit production areas of Midi-Pyr\u00e9n\u00e9es region, Ch\u00e2teau du Clau fruit juices were created in 1898. For over 120 years, generation after generation, we have been harvesting exceptional apples to offer you a unique taste experience.","breadcrumb":{"@id":"https:\/\/chateauduclau.com\/en\/our-history\/#breadcrumb"},"inLanguage":"en-GB","potentialAction":[{"@type":"ReadAction","target":["https:\/\/chateauduclau.com\/en\/our-history\/"]}]},{"@type":"ImageObject","inLanguage":"en-GB","@id":"https:\/\/chateauduclau.com\/en\/our-history\/#primaryimage","url":"https:\/\/chateauduclau.com\/en\/wp-content\/uploads\/sites\/2\/2016\/03\/our-story-header-image-pommes-1.jpg","contentUrl":"https:\/\/chateauduclau.com\/en\/wp-content\/uploads\/sites\/2\/2016\/03\/our-story-header-image-pommes-1.jpg","width":"1440","height":"479","caption":"Jus de Fruits artisanal haut de gamme naturel Chateau du Clau paniers"},{"@type":"BreadcrumbList","@id":"https:\/\/chateauduclau.com\/en\/our-history\/#breadcrumb","itemListElement":[{"@type":"ListItem","position":1,"name":"Accueil","item":"https:\/\/chateauduclau.com\/en\/"},{"@type":"ListItem","position":2,"name":"Our History"}]},{"@type":"WebSite","@id":"https:\/\/chateauduclau.com\/en\/#website","url":"https:\/\/chateauduclau.com\/en\/","name":"Ch\u00e2teau du Clau ~ En","description":"Chateau Du Clau - Premium fruit juices.","potentialAction":[{"@type":"SearchAction","target":{"@type":"EntryPoint","urlTemplate":"https:\/\/chateauduclau.com\/en\/?s={search_term_string}"},"query-input":{"@type":"PropertyValueSpecification","valueRequired":true,"valueName":"search_term_string"}}],"inLanguage":"en-GB"}]}},"_links":{"self":[{"href":"https:\/\/chateauduclau.com\/en\/wp-json\/wp\/v2\/pages\/341","targetHints":{"allow":["GET"]}}],"collection":[{"href":"https:\/\/chateauduclau.com\/en\/wp-json\/wp\/v2\/pages"}],"about":[{"href":"https:\/\/chateauduclau.com\/en\/wp-json\/wp\/v2\/types\/page"}],"author":[{"embeddable":true,"href":"https:\/\/chateauduclau.com\/en\/wp-json\/wp\/v2\/users\/5"}],"replies":[{"embeddable":true,"href":"https:\/\/chateauduclau.com\/en\/wp-json\/wp\/v2\/comments?post=341"}],"version-history":[{"count":4,"href":"https:\/\/chateauduclau.com\/en\/wp-json\/wp\/v2\/pages\/341\/revisions"}],"predecessor-version":[{"id":2206,"href":"https:\/\/chateauduclau.com\/en\/wp-json\/wp\/v2\/pages\/341\/revisions\/2206"}],"wp:featuredmedia":[{"embeddable":true,"href":"https:\/\/chateauduclau.com\/en\/wp-json\/wp\/v2\/media\/1201"}],"wp:attachment":[{"href":"https:\/\/chateauduclau.com\/en\/wp-json\/wp\/v2\/media?parent=341"}],"curies":[{"name":"wp","href":"https:\/\/api.w.org\/{rel}","templated":true}]}}